{"id":27,"date":"2001-07-06T12:47:30","date_gmt":"2001-07-06T11:47:30","guid":{"rendered":"http:\/\/photographite.com\/cyrille\/?page_id=27"},"modified":"2026-03-11T10:29:01","modified_gmt":"2026-03-11T09:29:01","slug":"index","status":"publish","type":"page","link":"http:\/\/photographite.com\/cyrille\/","title":{"rendered":"Bonjour"},"content":{"rendered":"\n\n\t\t\t<!-- START Slider 1 REVOLUTION SLIDER 6.5.8 --><p class=\"rs-p-wp-fix\"><\/p>\n\t\t\t<rs-module-wrap id=\"rev_slider_3_1_wrapper\" data-source=\"gallery\" style=\"visibility:hidden;background:transparent;padding:0;margin:0px auto;margin-top:0;margin-bottom:0;\">\n\t\t\t\t<rs-module id=\"rev_slider_3_1\" style=\"\" data-version=\"6.5.8\">\n\t\t\t\t\t<rs-slides>\n\t\t\t\t\t\t<rs-slide style=\"position: absolute;\" data-key=\"rs-2\" data-title=\"Slide\" data-anim=\"ms:860;\" data-in=\"o:0;\" data-out=\"a:false;\">\n\t\t\t\t\t\t\t<img decoding=\"async\" src=\"\/\/photographite.com\/cyrille\/wp-content\/plugins\/revslider\/public\/assets\/assets\/dummy.png\" alt=\"Slide\" title=\"Bonjour\" class=\"rev-slidebg tp-rs-img rs-lazyload\" data-lazyload=\"\/\/photographite.com\/cyrille\/wp-content\/plugins\/revslider\/public\/assets\/assets\/transparent.png\" data-no-retina>\n<!--\n\t\t\t\t\t\t\t--><rs-layer\n\t\t\t\t\t\t\t\tid=\"slider-3-slide-2-layer-1\" \n\t\t\t\t\t\t\t\tdata-type=\"text\"\n\t\t\t\t\t\t\t\tdata-color=\"#fff\"\n\t\t\t\t\t\t\t\tdata-rsp_ch=\"on\"\n\t\t\t\t\t\t\t\tdata-xy=\"x:268px;y:41px;\"\n\t\t\t\t\t\t\t\tdata-text=\"w:nowrap;s:74;l:96;ls:-2;a:center;\"\n\t\t\t\t\t\t\t\tdata-dim=\"minh:0;\"\n\t\t\t\t\t\t\t\tdata-border=\"boc:#000000;bow:5px,5px,5px,5px;\"\n\t\t\t\t\t\t\t\tdata-frame_0=\"y:-100%;\"\n\t\t\t\t\t\t\t\tdata-frame_0_mask=\"u:t;\"\n\t\t\t\t\t\t\t\tdata-frame_1=\"sp:1200;\"\n\t\t\t\t\t\t\t\tdata-frame_1_mask=\"u:t;\"\n\t\t\t\t\t\t\t\tdata-frame_999=\"o:0;st:w;sR:7800;\"\n\t\t\t\t\t\t\t\tstyle=\"z-index:9;font-family:'Shadows Into Light';\"\n\t\t\t\t\t\t\t>Bienvenue sur ma vitrine \n\t\t\t\t\t\t\t<\/rs-layer><!--\n\n\t\t\t\t\t\t\t--><a\n\t\t\t\t\t\t\t\tid=\"slider-3-slide-2-layer-2\" \n\t\t\t\t\t\t\t\tclass=\"rs-layer\"\n\t\t\t\t\t\t\t\thref=\"http:\/\/photographite.com\/cyrille\/eyes-wide-shoot\/\" target=\"_self\"\n\t\t\t\t\t\t\t\tdata-type=\"image\"\n\t\t\t\t\t\t\t\tdata-rsp_ch=\"on\"\n\t\t\t\t\t\t\t\tdata-xy=\"x:567px;y:630px;\"\n\t\t\t\t\t\t\t\tdata-text=\"w:normal;\"\n\t\t\t\t\t\t\t\tdata-dim=\"w:651px;h:156px;\"\n\t\t\t\t\t\t\t\tdata-border=\"bor:40px,40px,40px,40px;\"\n\t\t\t\t\t\t\t\tdata-frame_0=\"y:100%;\"\n\t\t\t\t\t\t\t\tdata-frame_0_mask=\"u:t;\"\n\t\t\t\t\t\t\t\tdata-frame_1=\"sp:1200;\"\n\t\t\t\t\t\t\t\tdata-frame_1_mask=\"u:t;\"\n\t\t\t\t\t\t\t\tdata-frame_999=\"o:0;st:w;sR:7800;\"\n\t\t\t\t\t\t\t\tstyle=\"z-index:10;\"\n\t\t\t\t\t\t\t><img loading=\"lazy\" decoding=\"async\" src=\"\/\/photographite.com\/cyrille\/wp-content\/plugins\/revslider\/public\/assets\/assets\/dummy.png\" class=\"tp-rs-img rs-lazyload\" width=\"1053\" height=\"253\" data-lazyload=\"\/\/photographite.com\/cyrille\/wp-content\/uploads\/2021\/10\/Capture-de\u0301cran-2021-10-14-a\u0300-11.01.05.png\" data-no-retina> \n\t\t\t\t\t\t\t<\/a><!--\n\n\t\t\t\t\t\t\t--><rs-layer\n\t\t\t\t\t\t\t\tid=\"slider-3-slide-2-layer-3\" \n\t\t\t\t\t\t\t\tdata-type=\"text\"\n\t\t\t\t\t\t\t\tdata-color=\"#ffffff\"\n\t\t\t\t\t\t\t\tdata-rsp_ch=\"on\"\n\t\t\t\t\t\t\t\tdata-xy=\"x:199px;y:166px;\"\n\t\t\t\t\t\t\t\tdata-text=\"w:normal;s:35;l:40;ls:1;a:center;\"\n\t\t\t\t\t\t\t\tdata-dim=\"w:819;h:90;minh:0;\"\n\t\t\t\t\t\t\t\tdata-padding=\"t:5;r:5;b:5;l:5;\"\n\t\t\t\t\t\t\t\tdata-border=\"bor:15px,15px,15px,15px;\"\n\t\t\t\t\t\t\t\tdata-frame_0=\"y:-100%;\"\n\t\t\t\t\t\t\t\tdata-frame_0_mask=\"u:t;\"\n\t\t\t\t\t\t\t\tdata-frame_1=\"sp:1200;\"\n\t\t\t\t\t\t\t\tdata-frame_1_mask=\"u:t;\"\n\t\t\t\t\t\t\t\tdata-frame_999=\"o:0;st:w;sR:7800;\"\n\t\t\t\t\t\t\t\tstyle=\"z-index:11;font-family:'Indie Flower';\"\n\t\t\t\t\t\t\t>Reporter Photographe<br \/>\nJe fais aussi de la macrophotographie de votre Iris \n\t\t\t\t\t\t\t<\/rs-layer><!--\n\n\t\t\t\t\t\t\t--><rs-layer\n\t\t\t\t\t\t\t\tid=\"slider-3-slide-2-layer-6\" \n\t\t\t\t\t\t\t\tdata-type=\"image\"\n\t\t\t\t\t\t\t\tdata-rsp_ch=\"on\"\n\t\t\t\t\t\t\t\tdata-xy=\"x:-1px;y:50px;\"\n\t\t\t\t\t\t\t\tdata-text=\"w:normal;\"\n\t\t\t\t\t\t\t\tdata-dim=\"w:100%;\"\n\t\t\t\t\t\t\t\tdata-frame_1=\"sp:1140;\"\n\t\t\t\t\t\t\t\tdata-frame_999=\"o:0;st:w;sR:7860;\"\n\t\t\t\t\t\t\t\tstyle=\"z-index:8;\"\n\t\t\t\t\t\t\t><img loading=\"lazy\" decoding=\"async\" src=\"\/\/photographite.com\/cyrille\/wp-content\/plugins\/revslider\/public\/assets\/assets\/dummy.png\" class=\"tp-rs-img rs-lazyload\" width=\"591\" height=\"591\" data-lazyload=\"\/\/photographite.com\/cyrille\/wp-content\/uploads\/2024\/05\/4jpg.jpg\" data-c=\"fullwidth\" data-no-retina> \n\t\t\t\t\t\t\t<\/rs-layer><!--\n-->\t\t\t\t\t\t<\/rs-slide>\n\t\t\t\t\t<\/rs-slides>\n\t\t\t\t<\/rs-module>\n\t\t\t\t<script type=\"text\/javascript\">\n\t\t\t\t\tsetREVStartSize({c: 'rev_slider_3_1',rl:[1240,1024,778,480],el:[900],gw:[1240],gh:[900],type:'standard',justify:'',layout:'fullwidth',mh:\"0\"});if (window.RS_MODULES!==undefined && window.RS_MODULES.modules!==undefined && window.RS_MODULES.modules[\"revslider31\"]!==undefined) {window.RS_MODULES.modules[\"revslider31\"].once = false;window.revapi3 = undefined;if (window.RS_MODULES.checkMinimal!==undefined) window.RS_MODULES.checkMinimal()}\n\t\t\t\t<\/script>\n\t\t\t<\/rs-module-wrap>\n\t\t\t<!-- END REVOLUTION SLIDER -->\n\n\t<p>Exclusif la macro de votre IRIS<\/p>\n\t<h4>Je r\u00e9alise depuis 3 ans des photos d&rsquo;Iris de vos yeux. Ce concept \u00e9tant assez nouveau, je suis pr\u00e9sent sur les march\u00e9s de Bell&rsquo;\u00eesle en Mer cet \u00e9t\u00e9 2024<\/h4>\n\t\t\t\t<img decoding=\"async\" src=\"http:\/\/photographite.com\/cyrille\/wp-content\/uploads\/2021\/10\/APpop.jpg\" alt=\"APpop\" itemprop=\"image\" title=\"APpop\" onerror=\"this.style.display='none'\"  \/>\n\t<h4>Au naturel ou satur\u00e9, voir entrem\u00eal\u00e9 avec ceux de vos enfants, amis, famille&#8230;<\/h4>\n\t\t\t\t<img decoding=\"async\" src=\"http:\/\/photographite.com\/cyrille\/wp-content\/uploads\/2021\/10\/JB.jpg\" alt=\"JB\" itemprop=\"image\" title=\"JB\" onerror=\"this.style.display='none'\"  \/>\n\n\n\n<figure class=\"wp-block-gallery has-nested-images columns-default is-cropped wp-block-gallery-1 is-layout-flex wp-block-gallery-is-layout-flex\">\n<figure class=\"wp-block-image size-large\"><img loading=\"lazy\" decoding=\"async\" width=\"1024\" height=\"1024\" data-id=\"2162\" src=\"https:\/\/photographite.com\/cyrille\/wp-content\/uploads\/2021\/10\/E.Samzun-1024x1024.jpg\" alt=\"\" class=\"wp-image-2162\" srcset=\"http:\/\/photographite.com\/cyrille\/wp-content\/uploads\/2021\/10\/E.Samzun-1024x1024.jpg 1024w, http:\/\/photographite.com\/cyrille\/wp-content\/uploads\/2021\/10\/E.Samzun-300x300.jpg 300w, http:\/\/photographite.com\/cyrille\/wp-content\/uploads\/2021\/10\/E.Samzun-150x150.jpg 150w, http:\/\/photographite.com\/cyrille\/wp-content\/uploads\/2021\/10\/E.Samzun-768x768.jpg 768w, http:\/\/photographite.com\/cyrille\/wp-content\/uploads\/2021\/10\/E.Samzun-510x510.jpg 510w, http:\/\/photographite.com\/cyrille\/wp-content\/uploads\/2021\/10\/E.Samzun.jpg 1500w\" sizes=\"auto, (max-width: 1024px) 100vw, 1024px\" \/><\/figure>\n\n\n\n<figure class=\"wp-block-image size-large\"><img loading=\"lazy\" decoding=\"async\" width=\"1024\" height=\"1024\" data-id=\"2160\" src=\"https:\/\/photographite.com\/cyrille\/wp-content\/uploads\/2021\/10\/Lino.expo01-1-1024x1024.jpg\" alt=\"\" class=\"wp-image-2160\" srcset=\"http:\/\/photographite.com\/cyrille\/wp-content\/uploads\/2021\/10\/Lino.expo01-1-1024x1024.jpg 1024w, http:\/\/photographite.com\/cyrille\/wp-content\/uploads\/2021\/10\/Lino.expo01-1-300x300.jpg 300w, http:\/\/photographite.com\/cyrille\/wp-content\/uploads\/2021\/10\/Lino.expo01-1-150x150.jpg 150w, http:\/\/photographite.com\/cyrille\/wp-content\/uploads\/2021\/10\/Lino.expo01-1-768x768.jpg 768w, http:\/\/photographite.com\/cyrille\/wp-content\/uploads\/2021\/10\/Lino.expo01-1-510x510.jpg 510w, http:\/\/photographite.com\/cyrille\/wp-content\/uploads\/2021\/10\/Lino.expo01-1.jpg 1500w\" sizes=\"auto, (max-width: 1024px) 100vw, 1024px\" \/><\/figure>\n\n\n\n<figure class=\"wp-block-image size-large\"><img loading=\"lazy\" decoding=\"async\" width=\"1024\" height=\"1024\" data-id=\"2159\" src=\"https:\/\/photographite.com\/cyrille\/wp-content\/uploads\/2021\/10\/Ferdinand-1-1024x1024.jpg\" alt=\"\" class=\"wp-image-2159\" srcset=\"http:\/\/photographite.com\/cyrille\/wp-content\/uploads\/2021\/10\/Ferdinand-1-1024x1024.jpg 1024w, http:\/\/photographite.com\/cyrille\/wp-content\/uploads\/2021\/10\/Ferdinand-1-300x300.jpg 300w, http:\/\/photographite.com\/cyrille\/wp-content\/uploads\/2021\/10\/Ferdinand-1-150x150.jpg 150w, http:\/\/photographite.com\/cyrille\/wp-content\/uploads\/2021\/10\/Ferdinand-1-768x768.jpg 768w, http:\/\/photographite.com\/cyrille\/wp-content\/uploads\/2021\/10\/Ferdinand-1-510x510.jpg 510w, http:\/\/photographite.com\/cyrille\/wp-content\/uploads\/2021\/10\/Ferdinand-1.jpg 1500w\" sizes=\"auto, (max-width: 1024px) 100vw, 1024px\" \/><\/figure>\n\n\n\n<figure class=\"wp-block-image size-large\"><img loading=\"lazy\" decoding=\"async\" width=\"1024\" height=\"1024\" data-id=\"2158\" src=\"https:\/\/photographite.com\/cyrille\/wp-content\/uploads\/2021\/10\/Bis-final-1-1024x1024.jpg\" alt=\"\" class=\"wp-image-2158\" srcset=\"http:\/\/photographite.com\/cyrille\/wp-content\/uploads\/2021\/10\/Bis-final-1-1024x1024.jpg 1024w, http:\/\/photographite.com\/cyrille\/wp-content\/uploads\/2021\/10\/Bis-final-1-300x300.jpg 300w, http:\/\/photographite.com\/cyrille\/wp-content\/uploads\/2021\/10\/Bis-final-1-150x150.jpg 150w, http:\/\/photographite.com\/cyrille\/wp-content\/uploads\/2021\/10\/Bis-final-1-768x768.jpg 768w, http:\/\/photographite.com\/cyrille\/wp-content\/uploads\/2021\/10\/Bis-final-1-510x510.jpg 510w, http:\/\/photographite.com\/cyrille\/wp-content\/uploads\/2021\/10\/Bis-final-1.jpg 1500w\" sizes=\"auto, (max-width: 1024px) 100vw, 1024px\" \/><\/figure>\n\n\n\n<figure class=\"wp-block-image size-large\"><img loading=\"lazy\" decoding=\"async\" width=\"1024\" height=\"1024\" data-id=\"2150\" src=\"https:\/\/photographite.com\/cyrille\/wp-content\/uploads\/2021\/10\/B.Hurpin-1024x1024.jpg\" alt=\"\" class=\"wp-image-2150\" srcset=\"http:\/\/photographite.com\/cyrille\/wp-content\/uploads\/2021\/10\/B.Hurpin-1024x1024.jpg 1024w, http:\/\/photographite.com\/cyrille\/wp-content\/uploads\/2021\/10\/B.Hurpin-300x300.jpg 300w, http:\/\/photographite.com\/cyrille\/wp-content\/uploads\/2021\/10\/B.Hurpin-150x150.jpg 150w, http:\/\/photographite.com\/cyrille\/wp-content\/uploads\/2021\/10\/B.Hurpin-768x768.jpg 768w, http:\/\/photographite.com\/cyrille\/wp-content\/uploads\/2021\/10\/B.Hurpin-510x510.jpg 510w, http:\/\/photographite.com\/cyrille\/wp-content\/uploads\/2021\/10\/B.Hurpin.jpg 1500w\" sizes=\"auto, (max-width: 1024px) 100vw, 1024px\" \/><\/figure>\n\n\n\n<figure class=\"wp-block-image size-large\"><img loading=\"lazy\" decoding=\"async\" width=\"1024\" height=\"1024\" data-id=\"2152\" src=\"https:\/\/photographite.com\/cyrille\/wp-content\/uploads\/2021\/10\/Ferdinand-1024x1024.jpg\" alt=\"\" class=\"wp-image-2152\" srcset=\"http:\/\/photographite.com\/cyrille\/wp-content\/uploads\/2021\/10\/Ferdinand-1024x1024.jpg 1024w, http:\/\/photographite.com\/cyrille\/wp-content\/uploads\/2021\/10\/Ferdinand-300x300.jpg 300w, http:\/\/photographite.com\/cyrille\/wp-content\/uploads\/2021\/10\/Ferdinand-150x150.jpg 150w, http:\/\/photographite.com\/cyrille\/wp-content\/uploads\/2021\/10\/Ferdinand-768x768.jpg 768w, http:\/\/photographite.com\/cyrille\/wp-content\/uploads\/2021\/10\/Ferdinand-510x510.jpg 510w, http:\/\/photographite.com\/cyrille\/wp-content\/uploads\/2021\/10\/Ferdinand.jpg 1500w\" sizes=\"auto, (max-width: 1024px) 100vw, 1024px\" \/><\/figure>\n\n\n\n<figure class=\"wp-block-image size-large\"><img loading=\"lazy\" decoding=\"async\" width=\"1024\" height=\"1024\" data-id=\"2154\" src=\"https:\/\/photographite.com\/cyrille\/wp-content\/uploads\/2021\/10\/ME-gauche-1024x1024.jpg\" alt=\"\" class=\"wp-image-2154\" srcset=\"http:\/\/photographite.com\/cyrille\/wp-content\/uploads\/2021\/10\/ME-gauche-1024x1024.jpg 1024w, http:\/\/photographite.com\/cyrille\/wp-content\/uploads\/2021\/10\/ME-gauche-300x300.jpg 300w, http:\/\/photographite.com\/cyrille\/wp-content\/uploads\/2021\/10\/ME-gauche-150x150.jpg 150w, http:\/\/photographite.com\/cyrille\/wp-content\/uploads\/2021\/10\/ME-gauche-768x768.jpg 768w, http:\/\/photographite.com\/cyrille\/wp-content\/uploads\/2021\/10\/ME-gauche-510x510.jpg 510w, http:\/\/photographite.com\/cyrille\/wp-content\/uploads\/2021\/10\/ME-gauche.jpg 1500w\" sizes=\"auto, (max-width: 1024px) 100vw, 1024px\" \/><\/figure>\n\n\n\n<figure class=\"wp-block-image size-large\"><img loading=\"lazy\" decoding=\"async\" width=\"1024\" height=\"1024\" data-id=\"2156\" src=\"https:\/\/photographite.com\/cyrille\/wp-content\/uploads\/2021\/10\/A.Pierre-1-1024x1024.jpg\" alt=\"\" class=\"wp-image-2156\" srcset=\"http:\/\/photographite.com\/cyrille\/wp-content\/uploads\/2021\/10\/A.Pierre-1-1024x1024.jpg 1024w, http:\/\/photographite.com\/cyrille\/wp-content\/uploads\/2021\/10\/A.Pierre-1-300x300.jpg 300w, http:\/\/photographite.com\/cyrille\/wp-content\/uploads\/2021\/10\/A.Pierre-1-150x150.jpg 150w, http:\/\/photographite.com\/cyrille\/wp-content\/uploads\/2021\/10\/A.Pierre-1-768x768.jpg 768w, http:\/\/photographite.com\/cyrille\/wp-content\/uploads\/2021\/10\/A.Pierre-1-510x510.jpg 510w, http:\/\/photographite.com\/cyrille\/wp-content\/uploads\/2021\/10\/A.Pierre-1.jpg 1500w\" sizes=\"auto, (max-width: 1024px) 100vw, 1024px\" \/><\/figure>\n\n\n\n<figure class=\"wp-block-image size-large\"><img loading=\"lazy\" decoding=\"async\" width=\"1024\" height=\"1024\" data-id=\"2157\" src=\"https:\/\/photographite.com\/cyrille\/wp-content\/uploads\/2021\/10\/B.Hurpin-1-1024x1024.jpg\" alt=\"\" class=\"wp-image-2157\" srcset=\"http:\/\/photographite.com\/cyrille\/wp-content\/uploads\/2021\/10\/B.Hurpin-1-1024x1024.jpg 1024w, http:\/\/photographite.com\/cyrille\/wp-content\/uploads\/2021\/10\/B.Hurpin-1-300x300.jpg 300w, http:\/\/photographite.com\/cyrille\/wp-content\/uploads\/2021\/10\/B.Hurpin-1-150x150.jpg 150w, http:\/\/photographite.com\/cyrille\/wp-content\/uploads\/2021\/10\/B.Hurpin-1-768x768.jpg 768w, http:\/\/photographite.com\/cyrille\/wp-content\/uploads\/2021\/10\/B.Hurpin-1-510x510.jpg 510w, http:\/\/photographite.com\/cyrille\/wp-content\/uploads\/2021\/10\/B.Hurpin-1.jpg 1500w\" sizes=\"auto, (max-width: 1024px) 100vw, 1024px\" \/><\/figure>\n\n\n\n<figure class=\"wp-block-image size-large\"><img loading=\"lazy\" decoding=\"async\" width=\"1000\" height=\"1000\" data-id=\"2110\" src=\"https:\/\/photographite.com\/cyrille\/wp-content\/uploads\/2021\/06\/LolaLLBwww.jpg\" alt=\"\" class=\"wp-image-2110\" srcset=\"http:\/\/photographite.com\/cyrille\/wp-content\/uploads\/2021\/06\/LolaLLBwww.jpg 1000w, http:\/\/photographite.com\/cyrille\/wp-content\/uploads\/2021\/06\/LolaLLBwww-300x300.jpg 300w, http:\/\/photographite.com\/cyrille\/wp-content\/uploads\/2021\/06\/LolaLLBwww-150x150.jpg 150w, http:\/\/photographite.com\/cyrille\/wp-content\/uploads\/2021\/06\/LolaLLBwww-768x768.jpg 768w, http:\/\/photographite.com\/cyrille\/wp-content\/uploads\/2021\/06\/LolaLLBwww-510x510.jpg 510w\" sizes=\"auto, (max-width: 1000px) 100vw, 1000px\" \/><\/figure>\n\n\n\n<figure class=\"wp-block-image size-large\"><img loading=\"lazy\" decoding=\"async\" width=\"1000\" height=\"1000\" data-id=\"2109\" src=\"https:\/\/photographite.com\/cyrille\/wp-content\/uploads\/2021\/06\/Nonewww.jpg\" alt=\"\" class=\"wp-image-2109\" srcset=\"http:\/\/photographite.com\/cyrille\/wp-content\/uploads\/2021\/06\/Nonewww.jpg 1000w, http:\/\/photographite.com\/cyrille\/wp-content\/uploads\/2021\/06\/Nonewww-300x300.jpg 300w, http:\/\/photographite.com\/cyrille\/wp-content\/uploads\/2021\/06\/Nonewww-150x150.jpg 150w, http:\/\/photographite.com\/cyrille\/wp-content\/uploads\/2021\/06\/Nonewww-768x768.jpg 768w, http:\/\/photographite.com\/cyrille\/wp-content\/uploads\/2021\/06\/Nonewww-510x510.jpg 510w\" sizes=\"auto, (max-width: 1000px) 100vw, 1000px\" \/><\/figure>\n\n\n\n<figure class=\"wp-block-image size-large\"><img loading=\"lazy\" decoding=\"async\" width=\"1000\" height=\"1000\" data-id=\"2108\" src=\"https:\/\/photographite.com\/cyrille\/wp-content\/uploads\/2021\/06\/Sister-alu-finawwwl.jpg\" alt=\"\" class=\"wp-image-2108\" srcset=\"http:\/\/photographite.com\/cyrille\/wp-content\/uploads\/2021\/06\/Sister-alu-finawwwl.jpg 1000w, http:\/\/photographite.com\/cyrille\/wp-content\/uploads\/2021\/06\/Sister-alu-finawwwl-300x300.jpg 300w, http:\/\/photographite.com\/cyrille\/wp-content\/uploads\/2021\/06\/Sister-alu-finawwwl-150x150.jpg 150w, http:\/\/photographite.com\/cyrille\/wp-content\/uploads\/2021\/06\/Sister-alu-finawwwl-768x768.jpg 768w, http:\/\/photographite.com\/cyrille\/wp-content\/uploads\/2021\/06\/Sister-alu-finawwwl-510x510.jpg 510w\" sizes=\"auto, (max-width: 1000px) 100vw, 1000px\" \/><\/figure>\n<\/figure>\n","protected":false},"excerpt":{"rendered":"<p>Exclusif la macro de votre IRIS Je r\u00e9alise depuis 3 ans des photos d&rsquo;Iris de vos yeux. Ce concept \u00e9tant assez nouveau, je suis pr\u00e9sent sur les march\u00e9s de Bell&rsquo;\u00eesle en Mer cet \u00e9t\u00e9 2024 Au naturel ou satur\u00e9, voir entrem\u00eal\u00e9 avec ceux de vos enfants, amis, famille&#8230;<\/p>\n","protected":false},"author":2,"featured_media":0,"parent":0,"menu_order":0,"comment_status":"closed","ping_status":"closed","template":"custom-page.php","meta":{"footnotes":""},"class_list":["post-27","page","type-page","status-publish","czr-hentry"],"_links":{"self":[{"href":"http:\/\/photographite.com\/cyrille\/wp-json\/wp\/v2\/pages\/27","targetHints":{"allow":["GET"]}}],"collection":[{"href":"http:\/\/photographite.com\/cyrille\/wp-json\/wp\/v2\/pages"}],"about":[{"href":"http:\/\/photographite.com\/cyrille\/wp-json\/wp\/v2\/types\/page"}],"author":[{"embeddable":true,"href":"http:\/\/photographite.com\/cyrille\/wp-json\/wp\/v2\/users\/2"}],"replies":[{"embeddable":true,"href":"http:\/\/photographite.com\/cyrille\/wp-json\/wp\/v2\/comments?post=27"}],"version-history":[{"count":3,"href":"http:\/\/photographite.com\/cyrille\/wp-json\/wp\/v2\/pages\/27\/revisions"}],"predecessor-version":[{"id":2255,"href":"http:\/\/photographite.com\/cyrille\/wp-json\/wp\/v2\/pages\/27\/revisions\/2255"}],"wp:attachment":[{"href":"http:\/\/photographite.com\/cyrille\/wp-json\/wp\/v2\/media?parent=27"}],"curies":[{"name":"wp","href":"https:\/\/api.w.org\/{rel}","templated":true}]}}