{"id":2183,"date":"2021-10-07T08:02:21","date_gmt":"2021-10-07T07:02:21","guid":{"rendered":"http:\/\/photographite.com\/cyrille\/?page_id=2183"},"modified":"2021-10-07T08:02:21","modified_gmt":"2021-10-07T07:02:21","slug":"bio","status":"publish","type":"page","link":"http:\/\/photographite.com\/cyrille\/bio\/","title":{"rendered":"Bio"},"content":{"rendered":"\n\n\t<h2>biographie (par Gael le Ny)<\/h2>\n<p>Photographe ind\u00e9pendant, Cyrille vit et travaille en Bretagne. Apr\u00e8s avoir bourlingu\u00e9 au Moyen Orient, de la r\u00e9publique de Tel Aviv au Royaume de J\u00e9rusalem, de l&rsquo;Iran \u00e0 la Palestine, il tourne son regard sur sa r\u00e9gion natale.<\/p>\n<p>Il affectionne le reportage sur des sujets vari\u00e9s allant de la vie quotidienne au grand reportage : les glaneurs de fin de march\u00e9, les \u00e9tudiants pr\u00e9caires Rennais, la vie d&rsquo;une savonnerie traditionnelle de Naplouse.<\/p>\n<h3>A propos de moi<\/h3>\n<p>&nbsp;<\/p>\n<p>Breton d&rsquo;origine, j&rsquo;ai grandi avec une m\u00e8re passionn\u00e9e de photo, \u00e0 qui j&rsquo;ai tr\u00e8s vite emprunt\u00e9 son appareil pour m&rsquo;initier \u00e0 la technique photographique. C&rsquo;est en 2000 au cours d&rsquo;un s\u00e9jour \u00e0 Londres que le virus pour la photographie en noir et blanc va se r\u00e9v\u00e9ler. De retour en France, je rejoins le collectif rennais \u00ab\u00a0In-Situ\u00a0\u00bb pour apprendre les ficelles du m\u00e9tier et les techniques de tirage sur papier noir et blanc. Depuis l&rsquo;av\u00e8nement du num\u00e9rique, j&rsquo;ai d\u00e9cid\u00e9 de me lancer dans le photoreportage en plus de mon activit\u00e9 de photographe. Je prends toujours un appareil argentique et une dizaine de pellicules en plus du num\u00e9rique \u00e0 chacun de mes voyages.<\/p>\n<p>Je suis ouvert \u00e0 la critique tant qu&rsquo;elle est constructive, n&rsquo;h\u00e9sitez pas \u00e0 me faire parvenir vos questions et vos remarque<\/p>\n\n","protected":false},"excerpt":{"rendered":"","protected":false},"author":2,"featured_media":0,"parent":0,"menu_order":0,"comment_status":"closed","ping_status":"closed","template":"","meta":{"footnotes":""},"class_list":["post-2183","page","type-page","status-publish","czr-hentry"],"_links":{"self":[{"href":"http:\/\/photographite.com\/cyrille\/wp-json\/wp\/v2\/pages\/2183","targetHints":{"allow":["GET"]}}],"collection":[{"href":"http:\/\/photographite.com\/cyrille\/wp-json\/wp\/v2\/pages"}],"about":[{"href":"http:\/\/photographite.com\/cyrille\/wp-json\/wp\/v2\/types\/page"}],"author":[{"embeddable":true,"href":"http:\/\/photographite.com\/cyrille\/wp-json\/wp\/v2\/users\/2"}],"replies":[{"embeddable":true,"href":"http:\/\/photographite.com\/cyrille\/wp-json\/wp\/v2\/comments?post=2183"}],"version-history":[{"count":0,"href":"http:\/\/photographite.com\/cyrille\/wp-json\/wp\/v2\/pages\/2183\/revisions"}],"wp:attachment":[{"href":"http:\/\/photographite.com\/cyrille\/wp-json\/wp\/v2\/media?parent=2183"}],"curies":[{"name":"wp","href":"https:\/\/api.w.org\/{rel}","templated":true}]}}